{"id":31455,"date":"2025-07-21T16:18:56","date_gmt":"2025-07-21T14:18:56","guid":{"rendered":"https:\/\/promaro.ch\/ghiandaia-les-avouillons\/"},"modified":"2026-01-28T10:17:58","modified_gmt":"2026-01-28T09:17:58","slug":"ghiandaia-les-avouillons","status":"publish","type":"page","link":"https:\/\/promaro.ch\/it\/ghiandaia-les-avouillons\/","title":{"rendered":"Ghiandaia , Les Avouillons"},"content":{"rendered":"<p>[et_pb_section fb_built=&#8221;1&#8243; _builder_version=&#8221;4.27.4&#8243; _module_preset=&#8221;default&#8221; global_colors_info=&#8221;{}&#8221;][et_pb_row _builder_version=&#8221;4.27.4&#8243; _module_preset=&#8221;default&#8221; custom_margin=&#8221;0px||||false|false&#8221; custom_padding=&#8221;0px||||false|false&#8221; global_colors_info=&#8221;{}&#8221;][et_pb_column type=&#8221;4_4&#8243; _builder_version=&#8221;4.27.4&#8243; _module_preset=&#8221;default&#8221; global_colors_info=&#8221;{}&#8221;][et_pb_text _builder_version=&#8221;4.27.4&#8243; _module_preset=&#8221;default&#8221; text_font=&#8221;|300|||||||&#8221; text_text_color=&#8221;rgba(78,78,78,0.7)&#8221; text_font_size=&#8221;17px&#8221; header_text_color=&#8221;#4c4948&#8243; header_3_text_color=&#8221;#4c4948&#8243; hover_enabled=&#8221;0&#8243; global_colors_info=&#8221;{}&#8221; sticky_enabled=&#8221;0&#8243;]<\/p>\n<h2>Ghiandaia , Les Avouillons<\/h2>\n<p><span style=\"font-size: large;\"><\/span><\/p>\n<p>Siamo stati incaricati di trattare cosmeticamente il calcestruzzo e altri materiali.<\/p>\n<p>[\/et_pb_text][et_pb_image src=&#8221;https:\/\/promaro.ch\/wp-content\/uploads\/2026\/01\/1600_1oGOa_edifea_les_avouillons.jpg&#8221; title_text=&#8221;1600_1oGOa_edifea_les_avouillons&#8221; _builder_version=&#8221;4.27.5&#8243; _module_preset=&#8221;default&#8221; global_colors_info=&#8221;{}&#8221;][\/et_pb_image][\/et_pb_column][\/et_pb_row][\/et_pb_section]<\/p>\n","protected":false},"excerpt":{"rendered":"<p>Ghiandaia , Les Avouillons Siamo stati incaricati di trattare cosmeticamente il calcestruzzo e altri materiali.<\/p>\n","protected":false},"author":3,"featured_media":0,"parent":0,"menu_order":0,"comment_status":"closed","ping_status":"closed","template":"","meta":{"_et_pb_use_builder":"on","_et_pb_old_content":"","_et_gb_content_width":"","footnotes":""},"dipi_cpt_category":[],"class_list":["post-31455","page","type-page","status-publish","hentry"],"yoast_head":"<!-- This site is optimized with the Yoast SEO plugin v27.4 - https:\/\/yoast.com\/product\/yoast-seo-wordpress\/ -->\n<title>Ghiandaia , Les Avouillons - Promaro - Cosm\u00e9tique du b\u00e9ton<\/title>\n<meta name=\"robots\" content=\"index, follow, max-snippet:-1, max-image-preview:large, max-video-preview:-1\" \/>\n<link rel=\"canonical\" href=\"https:\/\/promaro.ch\/it\/ghiandaia-les-avouillons\/\" \/>\n<meta property=\"og:locale\" content=\"it_IT\" \/>\n<meta property=\"og:type\" content=\"article\" \/>\n<meta property=\"og:title\" content=\"Ghiandaia , Les Avouillons - Promaro - Cosm\u00e9tique du b\u00e9ton\" \/>\n<meta property=\"og:description\" content=\"Ghiandaia , Les Avouillons Siamo stati incaricati di trattare cosmeticamente il calcestruzzo e altri materiali.\" \/>\n<meta property=\"og:url\" content=\"https:\/\/promaro.ch\/it\/ghiandaia-les-avouillons\/\" \/>\n<meta property=\"og:site_name\" content=\"Promaro - Cosm\u00e9tique du b\u00e9ton\" \/>\n<meta property=\"article:modified_time\" content=\"2026-01-28T09:17:58+00:00\" \/>\n<meta name=\"twitter:card\" content=\"summary_large_image\" \/>\n<meta name=\"twitter:label1\" content=\"Tempo di lettura stimato\" \/>\n\t<meta name=\"twitter:data1\" content=\"1 minuto\" \/>\n<script type=\"application\/ld+json\" class=\"yoast-schema-graph\">{\"@context\":\"https:\\\/\\\/schema.org\",\"@graph\":[{\"@type\":\"WebPage\",\"@id\":\"https:\\\/\\\/promaro.ch\\\/it\\\/ghiandaia-les-avouillons\\\/\",\"url\":\"https:\\\/\\\/promaro.ch\\\/it\\\/ghiandaia-les-avouillons\\\/\",\"name\":\"Ghiandaia , Les Avouillons - Promaro - Cosm\u00e9tique du b\u00e9ton\",\"isPartOf\":{\"@id\":\"https:\\\/\\\/promaro.ch\\\/it\\\/#website\"},\"datePublished\":\"2025-07-21T14:18:56+00:00\",\"dateModified\":\"2026-01-28T09:17:58+00:00\",\"breadcrumb\":{\"@id\":\"https:\\\/\\\/promaro.ch\\\/it\\\/ghiandaia-les-avouillons\\\/#breadcrumb\"},\"inLanguage\":\"it-IT\",\"potentialAction\":[{\"@type\":\"ReadAction\",\"target\":[\"https:\\\/\\\/promaro.ch\\\/it\\\/ghiandaia-les-avouillons\\\/\"]}]},{\"@type\":\"BreadcrumbList\",\"@id\":\"https:\\\/\\\/promaro.ch\\\/it\\\/ghiandaia-les-avouillons\\\/#breadcrumb\",\"itemListElement\":[{\"@type\":\"ListItem\",\"position\":1,\"name\":\"Accueil\",\"item\":\"https:\\\/\\\/promaro.ch\\\/it\\\/casa\\\/\"},{\"@type\":\"ListItem\",\"position\":2,\"name\":\"Ghiandaia , Les Avouillons\"}]},{\"@type\":\"WebSite\",\"@id\":\"https:\\\/\\\/promaro.ch\\\/it\\\/#website\",\"url\":\"https:\\\/\\\/promaro.ch\\\/it\\\/\",\"name\":\"Promaro - Cosm\u00e9tique du b\u00e9ton\",\"description\":\"Votre partenaire dans le domaine du B\u00e9ton apparent\",\"publisher\":{\"@id\":\"https:\\\/\\\/promaro.ch\\\/it\\\/#organization\"},\"potentialAction\":[{\"@type\":\"SearchAction\",\"target\":{\"@type\":\"EntryPoint\",\"urlTemplate\":\"https:\\\/\\\/promaro.ch\\\/it\\\/?s={search_term_string}\"},\"query-input\":{\"@type\":\"PropertyValueSpecification\",\"valueRequired\":true,\"valueName\":\"search_term_string\"}}],\"inLanguage\":\"it-IT\"},{\"@type\":\"Organization\",\"@id\":\"https:\\\/\\\/promaro.ch\\\/it\\\/#organization\",\"name\":\"Promaro SA\",\"url\":\"https:\\\/\\\/promaro.ch\\\/it\\\/\",\"logo\":{\"@type\":\"ImageObject\",\"inLanguage\":\"it-IT\",\"@id\":\"https:\\\/\\\/promaro.ch\\\/it\\\/#\\\/schema\\\/logo\\\/image\\\/\",\"url\":\"https:\\\/\\\/promaro.ch\\\/wp-content\\\/uploads\\\/2025\\\/03\\\/logo-promaro-horizontal-trans-1.png\",\"contentUrl\":\"https:\\\/\\\/promaro.ch\\\/wp-content\\\/uploads\\\/2025\\\/03\\\/logo-promaro-horizontal-trans-1.png\",\"width\":520,\"height\":139,\"caption\":\"Promaro SA\"},\"image\":{\"@id\":\"https:\\\/\\\/promaro.ch\\\/it\\\/#\\\/schema\\\/logo\\\/image\\\/\"},\"sameAs\":[\"https:\\\/\\\/www.linkedin.com\\\/company\\\/promaro-ch\\\/\"]}]}<\/script>\n<!-- \/ Yoast SEO plugin. -->","yoast_head_json":{"title":"Ghiandaia , Les Avouillons - Promaro - Cosm\u00e9tique du b\u00e9ton","robots":{"index":"index","follow":"follow","max-snippet":"max-snippet:-1","max-image-preview":"max-image-preview:large","max-video-preview":"max-video-preview:-1"},"canonical":"https:\/\/promaro.ch\/it\/ghiandaia-les-avouillons\/","og_locale":"it_IT","og_type":"article","og_title":"Ghiandaia , Les Avouillons - Promaro - Cosm\u00e9tique du b\u00e9ton","og_description":"Ghiandaia , Les Avouillons Siamo stati incaricati di trattare cosmeticamente il calcestruzzo e altri materiali.","og_url":"https:\/\/promaro.ch\/it\/ghiandaia-les-avouillons\/","og_site_name":"Promaro - Cosm\u00e9tique du b\u00e9ton","article_modified_time":"2026-01-28T09:17:58+00:00","twitter_card":"summary_large_image","twitter_misc":{"Tempo di lettura stimato":"1 minuto"},"schema":{"@context":"https:\/\/schema.org","@graph":[{"@type":"WebPage","@id":"https:\/\/promaro.ch\/it\/ghiandaia-les-avouillons\/","url":"https:\/\/promaro.ch\/it\/ghiandaia-les-avouillons\/","name":"Ghiandaia , Les Avouillons - Promaro - Cosm\u00e9tique du b\u00e9ton","isPartOf":{"@id":"https:\/\/promaro.ch\/it\/#website"},"datePublished":"2025-07-21T14:18:56+00:00","dateModified":"2026-01-28T09:17:58+00:00","breadcrumb":{"@id":"https:\/\/promaro.ch\/it\/ghiandaia-les-avouillons\/#breadcrumb"},"inLanguage":"it-IT","potentialAction":[{"@type":"ReadAction","target":["https:\/\/promaro.ch\/it\/ghiandaia-les-avouillons\/"]}]},{"@type":"BreadcrumbList","@id":"https:\/\/promaro.ch\/it\/ghiandaia-les-avouillons\/#breadcrumb","itemListElement":[{"@type":"ListItem","position":1,"name":"Accueil","item":"https:\/\/promaro.ch\/it\/casa\/"},{"@type":"ListItem","position":2,"name":"Ghiandaia , Les Avouillons"}]},{"@type":"WebSite","@id":"https:\/\/promaro.ch\/it\/#website","url":"https:\/\/promaro.ch\/it\/","name":"Promaro - Cosm\u00e9tique du b\u00e9ton","description":"Votre partenaire dans le domaine du B\u00e9ton apparent","publisher":{"@id":"https:\/\/promaro.ch\/it\/#organization"},"potentialAction":[{"@type":"SearchAction","target":{"@type":"EntryPoint","urlTemplate":"https:\/\/promaro.ch\/it\/?s={search_term_string}"},"query-input":{"@type":"PropertyValueSpecification","valueRequired":true,"valueName":"search_term_string"}}],"inLanguage":"it-IT"},{"@type":"Organization","@id":"https:\/\/promaro.ch\/it\/#organization","name":"Promaro SA","url":"https:\/\/promaro.ch\/it\/","logo":{"@type":"ImageObject","inLanguage":"it-IT","@id":"https:\/\/promaro.ch\/it\/#\/schema\/logo\/image\/","url":"https:\/\/promaro.ch\/wp-content\/uploads\/2025\/03\/logo-promaro-horizontal-trans-1.png","contentUrl":"https:\/\/promaro.ch\/wp-content\/uploads\/2025\/03\/logo-promaro-horizontal-trans-1.png","width":520,"height":139,"caption":"Promaro SA"},"image":{"@id":"https:\/\/promaro.ch\/it\/#\/schema\/logo\/image\/"},"sameAs":["https:\/\/www.linkedin.com\/company\/promaro-ch\/"]}]}},"_links":{"self":[{"href":"https:\/\/promaro.ch\/it\/wp-json\/wp\/v2\/pages\/31455","targetHints":{"allow":["GET"]}}],"collection":[{"href":"https:\/\/promaro.ch\/it\/wp-json\/wp\/v2\/pages"}],"about":[{"href":"https:\/\/promaro.ch\/it\/wp-json\/wp\/v2\/types\/page"}],"author":[{"embeddable":true,"href":"https:\/\/promaro.ch\/it\/wp-json\/wp\/v2\/users\/3"}],"replies":[{"embeddable":true,"href":"https:\/\/promaro.ch\/it\/wp-json\/wp\/v2\/comments?post=31455"}],"version-history":[{"count":2,"href":"https:\/\/promaro.ch\/it\/wp-json\/wp\/v2\/pages\/31455\/revisions"}],"predecessor-version":[{"id":31457,"href":"https:\/\/promaro.ch\/it\/wp-json\/wp\/v2\/pages\/31455\/revisions\/31457"}],"wp:attachment":[{"href":"https:\/\/promaro.ch\/it\/wp-json\/wp\/v2\/media?parent=31455"}],"wp:term":[{"taxonomy":"dipi_cpt_category","embeddable":true,"href":"https:\/\/promaro.ch\/it\/wp-json\/wp\/v2\/dipi_cpt_category?post=31455"}],"curies":[{"name":"wp","href":"https:\/\/api.w.org\/{rel}","templated":true}]}}