{"id":30057,"date":"2025-03-10T15:28:01","date_gmt":"2025-03-10T14:28:01","guid":{"rendered":"https:\/\/eneltic.ch\/dev\/promaro\/riferimenti\/"},"modified":"2026-01-28T10:19:00","modified_gmt":"2026-01-28T09:19:00","slug":"riferimenti","status":"publish","type":"page","link":"https:\/\/promaro.ch\/it\/riferimenti\/","title":{"rendered":"Riferimenti &#8211; Ginevra"},"content":{"rendered":"<p>[et_pb_section fb_built=&#8221;1&#8243; fullwidth=&#8221;on&#8221; _builder_version=&#8221;4.16&#8243; _module_preset=&#8221;default&#8221; animation_style=&#8221;slide&#8221; animation_direction=&#8221;top&#8221; global_colors_info=&#8221;{}&#8221;][et_pb_fullwidth_header title=&#8221;@ET-DC@eyJkeW5hbWljIjp0cnVlLCJjb250ZW50IjoicG9zdF90aXRsZSIsInNldHRpbmdzIjp7ImJlZm9yZSI6IiIsImFmdGVyIjoiIn19@&#8221; subhead=&#8221;Il nostro elenco di referenze \u00e8 infinitamente lungo, ma ecco solo alcuni dei nostri clienti.&#8221; text_orientation=&#8221;center&#8221; header_scroll_down=&#8221;on&#8221; scroll_down_icon=&#8221;%%0%%&#8221; scroll_down_icon_size=&#8221;40px&#8221; background_overlay_color=&#8221;rgba(78,78,78,0.6)&#8221; _builder_version=&#8221;4.27.4&#8243; _dynamic_attributes=&#8221;title&#8221; _module_preset=&#8221;default&#8221; title_font_size=&#8221;3vw&#8221; content_font=&#8221;|300|||||||&#8221; content_font_size=&#8221;24px&#8221; subhead_font=&#8221;|300|||||||&#8221; subhead_font_size=&#8221;1.3vw&#8221; subhead_line_height=&#8221;1.3em&#8221; background_enable_color=&#8221;off&#8221; background_image=&#8221;https:\/\/promaro.ch\/wp-content\/uploads\/2025\/04\/29-r.min_.jpg&#8221; background_position=&#8221;bottom_center&#8221; background_vertical_offset=&#8221;5%&#8221; custom_padding=&#8221;160px||160px||false|false&#8221; scroll_vertical_motion_enable=&#8221;on&#8221; scroll_vertical_motion=&#8221;0|96|96|100|0|0|-1&#8243; title_font_size_tablet=&#8221;60px&#8221; title_font_size_phone=&#8221;30px&#8221; title_font_size_last_edited=&#8221;on|phone&#8221; subhead_font_size_tablet=&#8221;22px&#8221; subhead_font_size_phone=&#8221;16px&#8221; subhead_font_size_last_edited=&#8221;on|desktop&#8221; global_colors_info=&#8221;{}&#8221;][\/et_pb_fullwidth_header][\/et_pb_section][et_pb_section fb_built=&#8221;1&#8243; _builder_version=&#8221;4.27.4&#8243; _module_preset=&#8221;default&#8221; global_colors_info=&#8221;{}&#8221;][et_pb_row _builder_version=&#8221;4.27.4&#8243; _module_preset=&#8221;default&#8221; custom_margin=&#8221;||||false|false&#8221; custom_padding=&#8221;0px||60px||false|false&#8221; global_colors_info=&#8221;{}&#8221;][et_pb_column type=&#8221;4_4&#8243; _builder_version=&#8221;4.27.4&#8243; _module_preset=&#8221;default&#8221; global_colors_info=&#8221;{}&#8221;][et_pb_text _builder_version=&#8221;4.27.4&#8243; _module_preset=&#8221;default&#8221; text_font=&#8221;|300|||||||&#8221; text_text_color=&#8221;rgba(78,78,78,0.7)&#8221; text_font_size=&#8221;17px&#8221; header_text_color=&#8221;#4c4948&#8243; header_3_text_color=&#8221;#4c4948&#8243; hover_enabled=&#8221;0&#8243; global_colors_info=&#8221;{}&#8221; sticky_enabled=&#8221;0&#8243;]<\/p>\n<h3>Country Club Gen\u00e8ve<\/h3>\n<p>Cosmetica del calcestruzzo e trattamento delle polveri<\/p>\n<p>[\/et_pb_text][dipi_masonry_gallery gallery_ids=&#8221;30864&#8243; columns_tablet=&#8221;3&#8243; columns_phone=&#8221;2&#8243; columns_last_edited=&#8221;on|tablet&#8221; _builder_version=&#8221;4.27.4&#8243; _module_preset=&#8221;default&#8221; hover_enabled=&#8221;0&#8243; border_radii_grid_item=&#8221;on|10px|10px|10px|10px&#8221; global_colors_info=&#8221;{}&#8221; sticky_enabled=&#8221;0&#8243;][\/dipi_masonry_gallery][\/et_pb_column][\/et_pb_row][et_pb_row _builder_version=&#8221;4.27.4&#8243; _module_preset=&#8221;default&#8221; custom_margin=&#8221;||||false|false&#8221; custom_padding=&#8221;0px||60px||false|false&#8221; global_colors_info=&#8221;{}&#8221;][et_pb_column type=&#8221;4_4&#8243; _builder_version=&#8221;4.27.4&#8243; _module_preset=&#8221;default&#8221; global_colors_info=&#8221;{}&#8221;][et_pb_text _builder_version=&#8221;4.27.4&#8243; _module_preset=&#8221;default&#8221; text_font=&#8221;|300|||||||&#8221; text_text_color=&#8221;rgba(78,78,78,0.7)&#8221; text_font_size=&#8221;17px&#8221; header_text_color=&#8221;#4c4948&#8243; header_3_text_color=&#8221;#4c4948&#8243; hover_enabled=&#8221;0&#8243; global_colors_info=&#8221;{}&#8221; sticky_enabled=&#8221;0&#8243;]<\/p>\n<h3>Quartetto Ginevra<\/h3>\n<p>Cosmetica del calcestruzzo e trattamento delle polveri<\/p>\n<p>[\/et_pb_text][dipi_masonry_gallery gallery_ids=&#8221;30858&#8243; columns_tablet=&#8221;3&#8243; columns_phone=&#8221;2&#8243; columns_last_edited=&#8221;on|tablet&#8221; _builder_version=&#8221;4.27.4&#8243; _module_preset=&#8221;default&#8221; hover_enabled=&#8221;0&#8243; border_radii_grid_item=&#8221;on|10px|10px|10px|10px&#8221; global_colors_info=&#8221;{}&#8221; sticky_enabled=&#8221;0&#8243;][\/dipi_masonry_gallery][\/et_pb_column][\/et_pb_row][et_pb_row _builder_version=&#8221;4.27.4&#8243; _module_preset=&#8221;default&#8221; custom_margin=&#8221;||||false|false&#8221; custom_padding=&#8221;0px||60px||false|false&#8221; global_colors_info=&#8221;{}&#8221;][et_pb_column type=&#8221;4_4&#8243; _builder_version=&#8221;4.27.4&#8243; _module_preset=&#8221;default&#8221; global_colors_info=&#8221;{}&#8221;][et_pb_text _builder_version=&#8221;4.27.4&#8243; _module_preset=&#8221;default&#8221; text_font=&#8221;|300|||||||&#8221; text_text_color=&#8221;rgba(78,78,78,0.7)&#8221; text_font_size=&#8221;17px&#8221; header_text_color=&#8221;#4c4948&#8243; header_3_text_color=&#8221;#4c4948&#8243; hover_enabled=&#8221;0&#8243; global_colors_info=&#8221;{}&#8221; sticky_enabled=&#8221;0&#8243;]<\/p>\n<h3>Progetto residenziale V77 Vandoeuvre<\/h3>\n<p>Cosmetica del calcestruzzo e trattamento delle polveri<\/p>\n<p>[\/et_pb_text][dipi_masonry_gallery gallery_ids=&#8221;30855&#8243; columns_tablet=&#8221;3&#8243; columns_phone=&#8221;2&#8243; columns_last_edited=&#8221;on|tablet&#8221; _builder_version=&#8221;4.27.4&#8243; _module_preset=&#8221;default&#8221; hover_enabled=&#8221;0&#8243; border_radii_grid_item=&#8221;on|10px|10px|10px|10px&#8221; global_colors_info=&#8221;{}&#8221; sticky_enabled=&#8221;0&#8243;][\/dipi_masonry_gallery][\/et_pb_column][\/et_pb_row][et_pb_row _builder_version=&#8221;4.27.4&#8243; _module_preset=&#8221;default&#8221; custom_margin=&#8221;||||false|false&#8221; custom_padding=&#8221;0px||60px||false|false&#8221; global_colors_info=&#8221;{}&#8221;][et_pb_column type=&#8221;4_4&#8243; _builder_version=&#8221;4.27.4&#8243; _module_preset=&#8221;default&#8221; global_colors_info=&#8221;{}&#8221;][et_pb_text _builder_version=&#8221;4.27.4&#8243; _module_preset=&#8221;default&#8221; text_font=&#8221;|300|||||||&#8221; text_text_color=&#8221;rgba(78,78,78,0.7)&#8221; text_font_size=&#8221;17px&#8221; header_text_color=&#8221;#4c4948&#8243; header_3_text_color=&#8221;#4c4948&#8243; global_colors_info=&#8221;{}&#8221;]<\/p>\n<h3>Edificio Ginevra La Capite Vandoeuvres<\/h3>\n<p>Cosmetici per calcestruzzo su calcestruzzo bianco sabbiato e trattamento delle polveri[\/et_pb_text][dipi_masonry_gallery gallery_ids=&#8221;29535,29409,29406,29403,29412,29400&#8243; columns_tablet=&#8221;3&#8243; columns_phone=&#8221;2&#8243; columns_last_edited=&#8221;on|tablet&#8221; _builder_version=&#8221;4.27.4&#8243; _module_preset=&#8221;default&#8221; border_radii_grid_item=&#8221;on|10px|10px|10px|10px&#8221; global_colors_info=&#8221;{}&#8221;][\/dipi_masonry_gallery][\/et_pb_column][\/et_pb_row][\/et_pb_section][et_pb_section fb_built=&#8221;1&#8243; _builder_version=&#8221;4.27.4&#8243; _module_preset=&#8221;default&#8221; global_colors_info=&#8221;{}&#8221;][et_pb_row _builder_version=&#8221;4.27.4&#8243; _module_preset=&#8221;default&#8221; custom_margin=&#8221;||||false|false&#8221; custom_padding=&#8221;0px||60px||false|false&#8221; global_colors_info=&#8221;{}&#8221;][et_pb_column type=&#8221;4_4&#8243; _builder_version=&#8221;4.27.4&#8243; _module_preset=&#8221;default&#8221; global_colors_info=&#8221;{}&#8221;][et_pb_text _builder_version=&#8221;4.27.4&#8243; _module_preset=&#8221;default&#8221; text_font=&#8221;|300|||||||&#8221; text_text_color=&#8221;rgba(78,78,78,0.7)&#8221; text_font_size=&#8221;17px&#8221; header_text_color=&#8221;#4c4948&#8243; header_3_text_color=&#8221;#4c4948&#8243; global_colors_info=&#8221;{}&#8221;]<\/p>\n<h3>Alloggio Puplinge Ginevra<\/h3>\n<p>Cosmetici per calcestruzzo e Trattamento idrorepellente e antigraffiti per calcestruzzo sabbiato<\/p>\n<p>[\/et_pb_text][dipi_masonry_gallery gallery_ids=&#8221;30576,30579,30582,30585&#8243; columns_tablet=&#8221;3&#8243; columns_phone=&#8221;2&#8243; columns_last_edited=&#8221;on|tablet&#8221; _builder_version=&#8221;4.27.4&#8243; _module_preset=&#8221;default&#8221; border_radii_grid_item=&#8221;on|10px|10px|10px|10px&#8221; global_colors_info=&#8221;{}&#8221;][\/dipi_masonry_gallery][\/et_pb_column][\/et_pb_row][\/et_pb_section]<\/p>\n","protected":false},"excerpt":{"rendered":"<p>Country Club Gen\u00e8ve Cosmetica del calcestruzzo e trattamento delle polveri<div class=\"et_pb_module dipi_masonry_gallery dipi_masonry_gallery_0\">\n\t\t\t\t\n\t\t\t\t\n\t\t\t\t\n\t\t\t\t\n\t\t\t\t\n\t\t\t\t\n\t\t\t\t<div class=\"et_pb_module_inner\">\n\t\t\t\t\t<div class=\"dipi_masonry_gallery_wrapper\" data-config=\"{&quot;infinite_scroll_viewport&quot;:&quot;25%&quot;}\">\n                \n            <div\n                class=\"dipi_masonry_gallery_container animated none\"\n                \n                data-count=\"1\"\n                data-anim=\"none\"\n            >\n                <div class=\"grid show_lightbox show_lightbox_tablet show_lightbox_phone hide_overlay \" data-lazy=\"false\" >\n                    <div class=\"grid-sizer\"><\/div><div class=\"gutter-sizer\"><\/div><div class=\"grid-item et_pb_gallery_image \">\n                       \n                        <div class=\"img-container dipi-mg-animation dipi-mg-none\" href=\"https:\/\/promaro.ch\/wp-content\/uploads\/2025\/06\/66f52b3906e8d280f1de10e9_3289-david-lloyd-geneva-country-club_-at-air-production-sarl_swissroc-bellevue-9.jpeg\">\n                            <img decoding=\"async\" src=\"https:\/\/promaro.ch\/wp-content\/uploads\/2025\/06\/66f52b3906e8d280f1de10e9_3289-david-lloyd-geneva-country-club_-at-air-production-sarl_swissroc-bellevue-9.jpeg\"\n                                alt=\"\"\n                                loading=\"lazy\"\n                            \/>\n                            <span class=\"dipi_masonry_gallery_overlay background\"><\/span>\n                <span class=\"dipi_masonry_gallery_overlay background-hover\"><\/span>\n                <span class=\"dipi_masonry_gallery_overlay content\" style=\"transition-duration: 0ms;\">\n                    <div class=\"et-pb-icon  dipi-mansonry-gallery-icon animated fadeInUp\"data-no-icon><\/div>\n                    \n                    \n                <\/span>\n                        <\/div>\n                    \n                <\/div>\n                <\/div>\n                \n            <\/div>\n            \n            <\/div>\n             \n\t\t\t\t<\/div>\n\t\t\t<\/div>Quartetto Ginevra Cosmetica del calcestruzzo e trattamento delle polveri<div class=\"et_pb_module dipi_masonry_gallery dipi_masonry_gallery_1\">\n\t\t\t\t\n\t\t\t\t\n\t\t\t\t\n\t\t\t\t\n\t\t\t\t\n\t\t\t\t\n\t\t\t\t<div class=\"et_pb_module_inner\">\n\t\t\t\t\t<div class=\"dipi_masonry_gallery_wrapper\" data-config=\"{&quot;infinite_scroll_viewport&quot;:&quot;25%&quot;}\">\n                \n            <div\n                class=\"dipi_masonry_gallery_container animated none\"\n                \n                data-count=\"1\"\n                data-anim=\"none\"\n            >\n                <div class=\"grid show_lightbox show_lightbox_tablet show_lightbox_phone hide_overlay \" data-lazy=\"false\" >\n                    <div class=\"grid-sizer\"><\/div><div class=\"gutter-sizer\"><\/div><div class=\"grid-item et_pb_gallery_image \">\n                       \n                        <div class=\"img-container dipi-mg-animation dipi-mg-none\" href=\"https:\/\/promaro.ch\/wp-content\/uploads\/2025\/06\/GE.Geneve-quartet-ginevra-promaro-cosmetique-du-beton.jpg\">\n                            <img decoding=\"async\" src=\"https:\/\/promaro.ch\/wp-content\/uploads\/2025\/06\/GE.Geneve-quartet-ginevra-promaro-cosmetique-du-beton.jpg\"\n                                alt=\"\"\n                                loading=\"lazy\"\n                            \/>\n                            <span class=\"dipi_masonry_gallery_overlay background\"><\/span>\n                <span class=\"dipi_masonry_gallery_overlay background-hover\"><\/span>\n                <span class=\"dipi_masonry_gallery_overlay content\" style=\"transition-duration: 0ms;\">\n                    <div class=\"et-pb-icon  dipi-mansonry-gallery-icon animated fadeInUp\"data-no-icon><\/div>\n                    \n                    \n                <\/span>\n                        <\/div>\n                    \n                <\/div>\n                <\/div>\n                \n            <\/div>\n            \n            <\/div>\n             \n\t\t\t\t<\/div>\n\t\t\t<\/div>Progetto residenziale V77 Vandoeuvre Cosmetica del calcestruzzo e trattamento delle polveri<div class=\"et_pb_module dipi_masonry_gallery dipi_masonry_gallery_2\">\n\t\t\t\t\n\t\t\t\t\n\t\t\t\t\n\t\t\t\t\n\t\t\t\t\n\t\t\t\t\n\t\t\t\t<div class=\"et_pb_module_inner\">\n\t\t\t\t\t<div class=\"dipi_masonry_gallery_wrapper\" data-config=\"{&quot;infinite_scroll_viewport&quot;:&quot;25%&quot;}\">\n                \n            <div\n                class=\"dipi_masonry_gallery_container animated none\"\n                \n                data-count=\"1\"\n                data-anim=\"none\"\n            >\n                <div class=\"grid show_lightbox show_lightbox_tablet show_lightbox_phone hide_overlay \" data-lazy=\"false\" >\n                    <div class=\"grid-sizer\"><\/div><div class=\"gutter-sizer\"><\/div>\n                <\/div>\n                \n            <\/div>\n            \n            <\/div>\n             \n\t\t\t\t<\/div>\n\t\t\t<\/div><\/p>\n","protected":false},"author":2,"featured_media":0,"parent":0,"menu_order":0,"comment_status":"closed","ping_status":"closed","template":"","meta":{"_et_pb_use_builder":"on","_et_pb_old_content":"","_et_gb_content_width":"","footnotes":""},"dipi_cpt_category":[],"class_list":["post-30057","page","type-page","status-publish","hentry"],"yoast_head":"<!-- This site is optimized with the Yoast SEO plugin v27.4 - https:\/\/yoast.com\/product\/yoast-seo-wordpress\/ -->\n<title>Riferimenti - Ginevra - Promaro - Cosm\u00e9tique du b\u00e9ton<\/title>\n<meta name=\"robots\" content=\"index, follow, max-snippet:-1, max-image-preview:large, max-video-preview:-1\" \/>\n<link rel=\"canonical\" href=\"https:\/\/promaro.ch\/it\/riferimenti\/\" \/>\n<meta property=\"og:locale\" content=\"it_IT\" \/>\n<meta property=\"og:type\" content=\"article\" \/>\n<meta property=\"og:title\" content=\"Riferimenti - Ginevra - Promaro - Cosm\u00e9tique du b\u00e9ton\" \/>\n<meta property=\"og:description\" content=\"Country Club Gen\u00e8ve Cosmetica del calcestruzzo e trattamento delle polveriQuartetto Ginevra Cosmetica del calcestruzzo e trattamento delle polveriProgetto residenziale V77 Vandoeuvre Cosmetica del calcestruzzo e trattamento delle polveri\" \/>\n<meta property=\"og:url\" content=\"https:\/\/promaro.ch\/it\/riferimenti\/\" \/>\n<meta property=\"og:site_name\" content=\"Promaro - Cosm\u00e9tique du b\u00e9ton\" \/>\n<meta property=\"article:modified_time\" content=\"2026-01-28T09:19:00+00:00\" \/>\n<meta name=\"twitter:card\" content=\"summary_large_image\" \/>\n<meta name=\"twitter:label1\" content=\"Tempo di lettura stimato\" \/>\n\t<meta name=\"twitter:data1\" content=\"4 minuti\" \/>\n<script type=\"application\/ld+json\" class=\"yoast-schema-graph\">{\"@context\":\"https:\\\/\\\/schema.org\",\"@graph\":[{\"@type\":\"WebPage\",\"@id\":\"https:\\\/\\\/promaro.ch\\\/it\\\/riferimenti\\\/\",\"url\":\"https:\\\/\\\/promaro.ch\\\/it\\\/riferimenti\\\/\",\"name\":\"Riferimenti - Ginevra - Promaro - Cosm\u00e9tique du b\u00e9ton\",\"isPartOf\":{\"@id\":\"https:\\\/\\\/promaro.ch\\\/it\\\/#website\"},\"datePublished\":\"2025-03-10T14:28:01+00:00\",\"dateModified\":\"2026-01-28T09:19:00+00:00\",\"breadcrumb\":{\"@id\":\"https:\\\/\\\/promaro.ch\\\/it\\\/riferimenti\\\/#breadcrumb\"},\"inLanguage\":\"it-IT\",\"potentialAction\":[{\"@type\":\"ReadAction\",\"target\":[\"https:\\\/\\\/promaro.ch\\\/it\\\/riferimenti\\\/\"]}]},{\"@type\":\"BreadcrumbList\",\"@id\":\"https:\\\/\\\/promaro.ch\\\/it\\\/riferimenti\\\/#breadcrumb\",\"itemListElement\":[{\"@type\":\"ListItem\",\"position\":1,\"name\":\"Accueil\",\"item\":\"https:\\\/\\\/promaro.ch\\\/it\\\/casa\\\/\"},{\"@type\":\"ListItem\",\"position\":2,\"name\":\"Riferimenti &#8211; Ginevra\"}]},{\"@type\":\"WebSite\",\"@id\":\"https:\\\/\\\/promaro.ch\\\/it\\\/#website\",\"url\":\"https:\\\/\\\/promaro.ch\\\/it\\\/\",\"name\":\"Promaro - Cosm\u00e9tique du b\u00e9ton\",\"description\":\"Votre partenaire dans le domaine du B\u00e9ton apparent\",\"publisher\":{\"@id\":\"https:\\\/\\\/promaro.ch\\\/it\\\/#organization\"},\"potentialAction\":[{\"@type\":\"SearchAction\",\"target\":{\"@type\":\"EntryPoint\",\"urlTemplate\":\"https:\\\/\\\/promaro.ch\\\/it\\\/?s={search_term_string}\"},\"query-input\":{\"@type\":\"PropertyValueSpecification\",\"valueRequired\":true,\"valueName\":\"search_term_string\"}}],\"inLanguage\":\"it-IT\"},{\"@type\":\"Organization\",\"@id\":\"https:\\\/\\\/promaro.ch\\\/it\\\/#organization\",\"name\":\"Promaro SA\",\"url\":\"https:\\\/\\\/promaro.ch\\\/it\\\/\",\"logo\":{\"@type\":\"ImageObject\",\"inLanguage\":\"it-IT\",\"@id\":\"https:\\\/\\\/promaro.ch\\\/it\\\/#\\\/schema\\\/logo\\\/image\\\/\",\"url\":\"https:\\\/\\\/promaro.ch\\\/wp-content\\\/uploads\\\/2025\\\/03\\\/logo-promaro-horizontal-trans-1.png\",\"contentUrl\":\"https:\\\/\\\/promaro.ch\\\/wp-content\\\/uploads\\\/2025\\\/03\\\/logo-promaro-horizontal-trans-1.png\",\"width\":520,\"height\":139,\"caption\":\"Promaro SA\"},\"image\":{\"@id\":\"https:\\\/\\\/promaro.ch\\\/it\\\/#\\\/schema\\\/logo\\\/image\\\/\"},\"sameAs\":[\"https:\\\/\\\/www.linkedin.com\\\/company\\\/promaro-ch\\\/\"]}]}<\/script>\n<!-- \/ Yoast SEO plugin. -->","yoast_head_json":{"title":"Riferimenti - Ginevra - Promaro - Cosm\u00e9tique du b\u00e9ton","robots":{"index":"index","follow":"follow","max-snippet":"max-snippet:-1","max-image-preview":"max-image-preview:large","max-video-preview":"max-video-preview:-1"},"canonical":"https:\/\/promaro.ch\/it\/riferimenti\/","og_locale":"it_IT","og_type":"article","og_title":"Riferimenti - Ginevra - Promaro - Cosm\u00e9tique du b\u00e9ton","og_description":"Country Club Gen\u00e8ve Cosmetica del calcestruzzo e trattamento delle polveriQuartetto Ginevra Cosmetica del calcestruzzo e trattamento delle polveriProgetto residenziale V77 Vandoeuvre Cosmetica del calcestruzzo e trattamento delle polveri","og_url":"https:\/\/promaro.ch\/it\/riferimenti\/","og_site_name":"Promaro - Cosm\u00e9tique du b\u00e9ton","article_modified_time":"2026-01-28T09:19:00+00:00","twitter_card":"summary_large_image","twitter_misc":{"Tempo di lettura stimato":"4 minuti"},"schema":{"@context":"https:\/\/schema.org","@graph":[{"@type":"WebPage","@id":"https:\/\/promaro.ch\/it\/riferimenti\/","url":"https:\/\/promaro.ch\/it\/riferimenti\/","name":"Riferimenti - Ginevra - Promaro - Cosm\u00e9tique du b\u00e9ton","isPartOf":{"@id":"https:\/\/promaro.ch\/it\/#website"},"datePublished":"2025-03-10T14:28:01+00:00","dateModified":"2026-01-28T09:19:00+00:00","breadcrumb":{"@id":"https:\/\/promaro.ch\/it\/riferimenti\/#breadcrumb"},"inLanguage":"it-IT","potentialAction":[{"@type":"ReadAction","target":["https:\/\/promaro.ch\/it\/riferimenti\/"]}]},{"@type":"BreadcrumbList","@id":"https:\/\/promaro.ch\/it\/riferimenti\/#breadcrumb","itemListElement":[{"@type":"ListItem","position":1,"name":"Accueil","item":"https:\/\/promaro.ch\/it\/casa\/"},{"@type":"ListItem","position":2,"name":"Riferimenti &#8211; Ginevra"}]},{"@type":"WebSite","@id":"https:\/\/promaro.ch\/it\/#website","url":"https:\/\/promaro.ch\/it\/","name":"Promaro - Cosm\u00e9tique du b\u00e9ton","description":"Votre partenaire dans le domaine du B\u00e9ton apparent","publisher":{"@id":"https:\/\/promaro.ch\/it\/#organization"},"potentialAction":[{"@type":"SearchAction","target":{"@type":"EntryPoint","urlTemplate":"https:\/\/promaro.ch\/it\/?s={search_term_string}"},"query-input":{"@type":"PropertyValueSpecification","valueRequired":true,"valueName":"search_term_string"}}],"inLanguage":"it-IT"},{"@type":"Organization","@id":"https:\/\/promaro.ch\/it\/#organization","name":"Promaro SA","url":"https:\/\/promaro.ch\/it\/","logo":{"@type":"ImageObject","inLanguage":"it-IT","@id":"https:\/\/promaro.ch\/it\/#\/schema\/logo\/image\/","url":"https:\/\/promaro.ch\/wp-content\/uploads\/2025\/03\/logo-promaro-horizontal-trans-1.png","contentUrl":"https:\/\/promaro.ch\/wp-content\/uploads\/2025\/03\/logo-promaro-horizontal-trans-1.png","width":520,"height":139,"caption":"Promaro SA"},"image":{"@id":"https:\/\/promaro.ch\/it\/#\/schema\/logo\/image\/"},"sameAs":["https:\/\/www.linkedin.com\/company\/promaro-ch\/"]}]}},"_links":{"self":[{"href":"https:\/\/promaro.ch\/it\/wp-json\/wp\/v2\/pages\/30057","targetHints":{"allow":["GET"]}}],"collection":[{"href":"https:\/\/promaro.ch\/it\/wp-json\/wp\/v2\/pages"}],"about":[{"href":"https:\/\/promaro.ch\/it\/wp-json\/wp\/v2\/types\/page"}],"author":[{"embeddable":true,"href":"https:\/\/promaro.ch\/it\/wp-json\/wp\/v2\/users\/2"}],"replies":[{"embeddable":true,"href":"https:\/\/promaro.ch\/it\/wp-json\/wp\/v2\/comments?post=30057"}],"version-history":[{"count":11,"href":"https:\/\/promaro.ch\/it\/wp-json\/wp\/v2\/pages\/30057\/revisions"}],"predecessor-version":[{"id":31480,"href":"https:\/\/promaro.ch\/it\/wp-json\/wp\/v2\/pages\/30057\/revisions\/31480"}],"wp:attachment":[{"href":"https:\/\/promaro.ch\/it\/wp-json\/wp\/v2\/media?parent=30057"}],"wp:term":[{"taxonomy":"dipi_cpt_category","embeddable":true,"href":"https:\/\/promaro.ch\/it\/wp-json\/wp\/v2\/dipi_cpt_category?post=30057"}],"curies":[{"name":"wp","href":"https:\/\/api.w.org\/{rel}","templated":true}]}}