{"id":31659,"date":"2026-02-06T13:11:37","date_gmt":"2026-02-06T12:11:37","guid":{"rendered":"https:\/\/promaro.ch\/minusio-tessin\/"},"modified":"2026-02-06T13:19:34","modified_gmt":"2026-02-06T12:19:34","slug":"minusio-tessin","status":"publish","type":"page","link":"https:\/\/promaro.ch\/de\/minusio-tessin\/","title":{"rendered":"Minusio Tessin"},"content":{"rendered":"<p>[et_pb_section fb_built=&#8220;1&#8243; _builder_version=&#8220;4.27.4&#8243; _module_preset=&#8220;default&#8220; global_colors_info=&#8220;{}&#8220;][et_pb_row _builder_version=&#8220;4.27.4&#8243; _module_preset=&#8220;default&#8220; custom_margin=&#8220;0px||||false|false&#8220; custom_padding=&#8220;0px||||false|false&#8220; global_colors_info=&#8220;{}&#8220;][et_pb_column type=&#8220;4_4&#8243; _builder_version=&#8220;4.27.4&#8243; _module_preset=&#8220;default&#8220; global_colors_info=&#8220;{}&#8220;][et_pb_text _builder_version=&#8220;4.27.5&#8243; _module_preset=&#8220;default&#8220; text_font=&#8220;|300|||||||&#8220; text_text_color=&#8220;rgba(78,78,78,0.7)&#8220; text_font_size=&#8220;17px&#8220; header_text_color=&#8220;#4c4948&#8243; header_3_text_color=&#8220;#4c4948&#8243; hover_enabled=&#8220;0&#8243; global_colors_info=&#8220;{}&#8220; sticky_enabled=&#8220;0&#8243;]<\/p>\n<h2>Minusio Tessin<\/h2>\n<p><span style=\"font-size: large;\"><\/span><\/p>\n<p>Betonkosmetik an 3 Fassaden<\/p>\n<p>[\/et_pb_text][et_pb_image src=&#8220;https:\/\/promaro.ch\/wp-content\/uploads\/2026\/02\/Minusio-1.jpg&#8220; title_text=&#8220;Minusio 1&#8243; _builder_version=&#8220;4.27.5&#8243; _module_preset=&#8220;default&#8220; hover_enabled=&#8220;0&#8243; global_colors_info=&#8220;{}&#8220; sticky_enabled=&#8220;0&#8243;][\/et_pb_image][\/et_pb_column][\/et_pb_row][\/et_pb_section]<\/p>\n","protected":false},"excerpt":{"rendered":"<p>Minusio Tessin Betonkosmetik an 3 Fassaden<\/p>\n","protected":false},"author":3,"featured_media":0,"parent":0,"menu_order":0,"comment_status":"closed","ping_status":"closed","template":"","meta":{"_et_pb_use_builder":"on","_et_pb_old_content":"","_et_gb_content_width":"","footnotes":""},"dipi_cpt_category":[],"class_list":["post-31659","page","type-page","status-publish","hentry"],"yoast_head":"<!-- This site is optimized with the Yoast SEO plugin v27.5 - https:\/\/yoast.com\/product\/yoast-seo-wordpress\/ -->\n<title>Minusio Tessin - Promaro - Cosm\u00e9tique du b\u00e9ton<\/title>\n<meta name=\"description\" content=\"Betonkosmetik Betonbehandlung\" \/>\n<meta name=\"robots\" content=\"index, follow, max-snippet:-1, max-image-preview:large, max-video-preview:-1\" \/>\n<link rel=\"canonical\" href=\"https:\/\/promaro.ch\/de\/minusio-tessin\/\" \/>\n<meta property=\"og:locale\" content=\"de_DE\" \/>\n<meta property=\"og:type\" content=\"article\" \/>\n<meta property=\"og:title\" content=\"Minusio Tessin - Promaro - Cosm\u00e9tique du b\u00e9ton\" \/>\n<meta property=\"og:description\" content=\"Betonkosmetik Betonbehandlung\" \/>\n<meta property=\"og:url\" content=\"https:\/\/promaro.ch\/de\/minusio-tessin\/\" \/>\n<meta property=\"og:site_name\" content=\"Promaro - Cosm\u00e9tique du b\u00e9ton\" \/>\n<meta property=\"article:modified_time\" content=\"2026-02-06T12:19:34+00:00\" \/>\n<meta name=\"twitter:card\" content=\"summary_large_image\" \/>\n<meta name=\"twitter:label1\" content=\"Gesch\u00e4tzte Lesezeit\" \/>\n\t<meta name=\"twitter:data1\" content=\"1\u00a0Minute\" \/>\n<script type=\"application\/ld+json\" class=\"yoast-schema-graph\">{\"@context\":\"https:\\\/\\\/schema.org\",\"@graph\":[{\"@type\":\"WebPage\",\"@id\":\"https:\\\/\\\/promaro.ch\\\/de\\\/minusio-tessin\\\/\",\"url\":\"https:\\\/\\\/promaro.ch\\\/de\\\/minusio-tessin\\\/\",\"name\":\"Minusio Tessin - Promaro - Cosm\u00e9tique du b\u00e9ton\",\"isPartOf\":{\"@id\":\"https:\\\/\\\/promaro.ch\\\/de\\\/#website\"},\"datePublished\":\"2026-02-06T12:11:37+00:00\",\"dateModified\":\"2026-02-06T12:19:34+00:00\",\"description\":\"Betonkosmetik Betonbehandlung\",\"breadcrumb\":{\"@id\":\"https:\\\/\\\/promaro.ch\\\/de\\\/minusio-tessin\\\/#breadcrumb\"},\"inLanguage\":\"de\",\"potentialAction\":[{\"@type\":\"ReadAction\",\"target\":[\"https:\\\/\\\/promaro.ch\\\/de\\\/minusio-tessin\\\/\"]}]},{\"@type\":\"BreadcrumbList\",\"@id\":\"https:\\\/\\\/promaro.ch\\\/de\\\/minusio-tessin\\\/#breadcrumb\",\"itemListElement\":[{\"@type\":\"ListItem\",\"position\":1,\"name\":\"Accueil\",\"item\":\"https:\\\/\\\/promaro.ch\\\/de\\\/startseite\\\/\"},{\"@type\":\"ListItem\",\"position\":2,\"name\":\"Minusio Tessin\"}]},{\"@type\":\"WebSite\",\"@id\":\"https:\\\/\\\/promaro.ch\\\/de\\\/#website\",\"url\":\"https:\\\/\\\/promaro.ch\\\/de\\\/\",\"name\":\"Promaro - Cosm\u00e9tique du b\u00e9ton\",\"description\":\"Votre partenaire dans le domaine du B\u00e9ton apparent\",\"publisher\":{\"@id\":\"https:\\\/\\\/promaro.ch\\\/de\\\/#organization\"},\"potentialAction\":[{\"@type\":\"SearchAction\",\"target\":{\"@type\":\"EntryPoint\",\"urlTemplate\":\"https:\\\/\\\/promaro.ch\\\/de\\\/?s={search_term_string}\"},\"query-input\":{\"@type\":\"PropertyValueSpecification\",\"valueRequired\":true,\"valueName\":\"search_term_string\"}}],\"inLanguage\":\"de\"},{\"@type\":\"Organization\",\"@id\":\"https:\\\/\\\/promaro.ch\\\/de\\\/#organization\",\"name\":\"Promaro SA\",\"url\":\"https:\\\/\\\/promaro.ch\\\/de\\\/\",\"logo\":{\"@type\":\"ImageObject\",\"inLanguage\":\"de\",\"@id\":\"https:\\\/\\\/promaro.ch\\\/de\\\/#\\\/schema\\\/logo\\\/image\\\/\",\"url\":\"https:\\\/\\\/promaro.ch\\\/wp-content\\\/uploads\\\/2025\\\/03\\\/logo-promaro-horizontal-trans-1.png\",\"contentUrl\":\"https:\\\/\\\/promaro.ch\\\/wp-content\\\/uploads\\\/2025\\\/03\\\/logo-promaro-horizontal-trans-1.png\",\"width\":520,\"height\":139,\"caption\":\"Promaro SA\"},\"image\":{\"@id\":\"https:\\\/\\\/promaro.ch\\\/de\\\/#\\\/schema\\\/logo\\\/image\\\/\"},\"sameAs\":[\"https:\\\/\\\/www.linkedin.com\\\/company\\\/promaro-ch\\\/\"]}]}<\/script>\n<!-- \/ Yoast SEO plugin. -->","yoast_head_json":{"title":"Minusio Tessin - Promaro - Cosm\u00e9tique du b\u00e9ton","description":"Betonkosmetik Betonbehandlung","robots":{"index":"index","follow":"follow","max-snippet":"max-snippet:-1","max-image-preview":"max-image-preview:large","max-video-preview":"max-video-preview:-1"},"canonical":"https:\/\/promaro.ch\/de\/minusio-tessin\/","og_locale":"de_DE","og_type":"article","og_title":"Minusio Tessin - Promaro - Cosm\u00e9tique du b\u00e9ton","og_description":"Betonkosmetik Betonbehandlung","og_url":"https:\/\/promaro.ch\/de\/minusio-tessin\/","og_site_name":"Promaro - Cosm\u00e9tique du b\u00e9ton","article_modified_time":"2026-02-06T12:19:34+00:00","twitter_card":"summary_large_image","twitter_misc":{"Gesch\u00e4tzte Lesezeit":"1\u00a0Minute"},"schema":{"@context":"https:\/\/schema.org","@graph":[{"@type":"WebPage","@id":"https:\/\/promaro.ch\/de\/minusio-tessin\/","url":"https:\/\/promaro.ch\/de\/minusio-tessin\/","name":"Minusio Tessin - Promaro - Cosm\u00e9tique du b\u00e9ton","isPartOf":{"@id":"https:\/\/promaro.ch\/de\/#website"},"datePublished":"2026-02-06T12:11:37+00:00","dateModified":"2026-02-06T12:19:34+00:00","description":"Betonkosmetik Betonbehandlung","breadcrumb":{"@id":"https:\/\/promaro.ch\/de\/minusio-tessin\/#breadcrumb"},"inLanguage":"de","potentialAction":[{"@type":"ReadAction","target":["https:\/\/promaro.ch\/de\/minusio-tessin\/"]}]},{"@type":"BreadcrumbList","@id":"https:\/\/promaro.ch\/de\/minusio-tessin\/#breadcrumb","itemListElement":[{"@type":"ListItem","position":1,"name":"Accueil","item":"https:\/\/promaro.ch\/de\/startseite\/"},{"@type":"ListItem","position":2,"name":"Minusio Tessin"}]},{"@type":"WebSite","@id":"https:\/\/promaro.ch\/de\/#website","url":"https:\/\/promaro.ch\/de\/","name":"Promaro - Cosm\u00e9tique du b\u00e9ton","description":"Votre partenaire dans le domaine du B\u00e9ton apparent","publisher":{"@id":"https:\/\/promaro.ch\/de\/#organization"},"potentialAction":[{"@type":"SearchAction","target":{"@type":"EntryPoint","urlTemplate":"https:\/\/promaro.ch\/de\/?s={search_term_string}"},"query-input":{"@type":"PropertyValueSpecification","valueRequired":true,"valueName":"search_term_string"}}],"inLanguage":"de"},{"@type":"Organization","@id":"https:\/\/promaro.ch\/de\/#organization","name":"Promaro SA","url":"https:\/\/promaro.ch\/de\/","logo":{"@type":"ImageObject","inLanguage":"de","@id":"https:\/\/promaro.ch\/de\/#\/schema\/logo\/image\/","url":"https:\/\/promaro.ch\/wp-content\/uploads\/2025\/03\/logo-promaro-horizontal-trans-1.png","contentUrl":"https:\/\/promaro.ch\/wp-content\/uploads\/2025\/03\/logo-promaro-horizontal-trans-1.png","width":520,"height":139,"caption":"Promaro SA"},"image":{"@id":"https:\/\/promaro.ch\/de\/#\/schema\/logo\/image\/"},"sameAs":["https:\/\/www.linkedin.com\/company\/promaro-ch\/"]}]}},"_links":{"self":[{"href":"https:\/\/promaro.ch\/de\/wp-json\/wp\/v2\/pages\/31659","targetHints":{"allow":["GET"]}}],"collection":[{"href":"https:\/\/promaro.ch\/de\/wp-json\/wp\/v2\/pages"}],"about":[{"href":"https:\/\/promaro.ch\/de\/wp-json\/wp\/v2\/types\/page"}],"author":[{"embeddable":true,"href":"https:\/\/promaro.ch\/de\/wp-json\/wp\/v2\/users\/3"}],"replies":[{"embeddable":true,"href":"https:\/\/promaro.ch\/de\/wp-json\/wp\/v2\/comments?post=31659"}],"version-history":[{"count":2,"href":"https:\/\/promaro.ch\/de\/wp-json\/wp\/v2\/pages\/31659\/revisions"}],"predecessor-version":[{"id":31661,"href":"https:\/\/promaro.ch\/de\/wp-json\/wp\/v2\/pages\/31659\/revisions\/31661"}],"wp:attachment":[{"href":"https:\/\/promaro.ch\/de\/wp-json\/wp\/v2\/media?parent=31659"}],"wp:term":[{"taxonomy":"dipi_cpt_category","embeddable":true,"href":"https:\/\/promaro.ch\/de\/wp-json\/wp\/v2\/dipi_cpt_category?post=31659"}],"curies":[{"name":"wp","href":"https:\/\/api.w.org\/{rel}","templated":true}]}}