{"id":30114,"date":"2025-04-01T12:33:19","date_gmt":"2025-04-01T10:33:19","guid":{"rendered":"https:\/\/eneltic.ch\/dev\/promaro\/themenpark-barryland\/"},"modified":"2025-04-30T08:25:13","modified_gmt":"2025-04-30T06:25:13","slug":"themenpark-barryland","status":"publish","type":"page","link":"https:\/\/promaro.ch\/de\/themenpark-barryland\/","title":{"rendered":"Themenpark Barryland"},"content":{"rendered":"<p>[et_pb_section fb_built=&#8220;1&#8243; fullwidth=&#8220;on&#8220; _builder_version=&#8220;4.16&#8243; _module_preset=&#8220;default&#8220; animation_style=&#8220;slide&#8220; animation_direction=&#8220;top&#8220; global_colors_info=&#8220;{}&#8220;][et_pb_fullwidth_header title=&#8220;@ET-DC@eyJkeW5hbWljIjp0cnVlLCJjb250ZW50IjoicG9zdF90aXRsZSIsInNldHRpbmdzIjp7ImJlZm9yZSI6IiIsImFmdGVyIjoiIn19@&#8220; text_orientation=&#8220;center&#8220; header_scroll_down=&#8220;on&#8220; scroll_down_icon=&#8220;%%0%%&#8220; scroll_down_icon_size=&#8220;40px&#8220; background_overlay_color=&#8220;rgba(78,78,78,0.6)&#8220; _builder_version=&#8220;4.27.4&#8243; _dynamic_attributes=&#8220;title&#8220; _module_preset=&#8220;default&#8220; title_font_size=&#8220;3vw&#8220; content_font=&#8220;|300|||||||&#8220; content_font_size=&#8220;24px&#8220; subhead_font=&#8220;|300|||||||&#8220; subhead_font_size=&#8220;1.3vw&#8220; background_enable_color=&#8220;off&#8220; background_image=&#8220;https:\/\/promaro.ch\/wp-content\/uploads\/2025\/04\/Vue-aerienne-parc_c-Atelier-Game.min_-2.jpeg&#8220; background_position=&#8220;top_center&#8220; background_vertical_offset=&#8220;25%&#8220; custom_padding=&#8220;160px||160px||false|false&#8220; scroll_vertical_motion_enable=&#8220;on&#8220; scroll_vertical_motion=&#8220;0|96|96|100|0|0|-1&#8243; hover_enabled=&#8220;0&#8243; title_font_size_tablet=&#8220;60px&#8220; title_font_size_phone=&#8220;30px&#8220; title_font_size_last_edited=&#8220;on|phone&#8220; subhead_font_size_tablet=&#8220;22px&#8220; subhead_font_size_phone=&#8220;&#8220; subhead_font_size_last_edited=&#8220;on|desktop&#8220; global_colors_info=&#8220;{}&#8220; sticky_enabled=&#8220;0&#8243;][\/et_pb_fullwidth_header][\/et_pb_section][et_pb_section fb_built=&#8220;1&#8243; _builder_version=&#8220;4.27.4&#8243; _module_preset=&#8220;default&#8220; global_colors_info=&#8220;{}&#8220;][et_pb_row _builder_version=&#8220;4.27.4&#8243; _module_preset=&#8220;default&#8220; custom_margin=&#8220;0px||||false|false&#8220; custom_padding=&#8220;0px||||false|false&#8220; global_colors_info=&#8220;{}&#8220;][et_pb_column type=&#8220;4_4&#8243; _builder_version=&#8220;4.27.4&#8243; _module_preset=&#8220;default&#8220; global_colors_info=&#8220;{}&#8220;][et_pb_text _builder_version=&#8220;4.27.4&#8243; _module_preset=&#8220;default&#8220; text_font=&#8220;|300|||||||&#8220; text_text_color=&#8220;rgba(78,78,78,0.7)&#8220; text_font_size=&#8220;17px&#8220; header_text_color=&#8220;#4c4948&#8243; header_3_text_color=&#8220;#4c4948&#8243; global_colors_info=&#8220;{}&#8220;]<\/p>\n<h3>Themenpark Barryland auf 22.000m2<\/h3>\n<p>Wir wurden mit der Behandlung von Au\u00dfenbeton beauftragt.<br \/>Betonkosmetik, Pigmentierung und Hydrophobierung<\/p>\n<p>Das Geb\u00e4ude ist in Form eines Abdrucks einer Hundepfote gestaltet.<\/p>\n<p>Der Bernhardinerhund wird in f\u00fcnf Themenwelten zu entdecken sein, die seine wichtigsten Charaktereigenschaften vorstellen: Barry Retter, Barry Freund, Barry Star, Barry Liebling, Barry Spieler.<\/p>\n<p>Diese Themen werden die Besucher w\u00e4hrend ihres gesamten Besuchs begleiten und ihnen eine neue und unvergessliche Erfahrung bieten.<\/p>\n<p>[\/et_pb_text][\/et_pb_column][\/et_pb_row][et_pb_row _builder_version=&#8220;4.27.4&#8243; _module_preset=&#8220;default&#8220; custom_margin=&#8220;||||false|false&#8220; custom_padding=&#8220;0px||60px||false|false&#8220; global_colors_info=&#8220;{}&#8220;][et_pb_column type=&#8220;4_4&#8243; _builder_version=&#8220;4.27.4&#8243; _module_preset=&#8220;default&#8220; global_colors_info=&#8220;{}&#8220;][dipi_masonry_gallery gallery_ids=&#8220;29999,29996,29993,29990,29987,29984&#8243; columns=&#8220;2&#8243; admin_label=&#8220;Pixel Masonry Gallery&#8220; _builder_version=&#8220;4.27.4&#8243; _module_preset=&#8220;default&#8220; border_radii_grid_item=&#8220;on|10px|10px|10px|10px&#8220; global_colors_info=&#8220;{}&#8220;][\/dipi_masonry_gallery][\/et_pb_column][\/et_pb_row][\/et_pb_section]<\/p>\n","protected":false},"excerpt":{"rendered":"<p>Themenpark Barryland auf 22.000m2 Wir wurden mit der Behandlung von Au\u00dfenbeton beauftragt.Betonkosmetik, Pigmentierung und Hydrophobierung Das Geb\u00e4ude ist in Form eines Abdrucks einer Hundepfote gestaltet. Der Bernhardinerhund wird in f\u00fcnf Themenwelten zu entdecken sein, die seine wichtigsten Charaktereigenschaften vorstellen: Barry Retter, Barry Freund, Barry Star, Barry Liebling, Barry Spieler. Diese Themen werden die Besucher w\u00e4hrend [&hellip;]<\/p>\n","protected":false},"author":2,"featured_media":0,"parent":0,"menu_order":0,"comment_status":"closed","ping_status":"closed","template":"","meta":{"_et_pb_use_builder":"on","_et_pb_old_content":"","_et_gb_content_width":"","footnotes":""},"dipi_cpt_category":[],"class_list":["post-30114","page","type-page","status-publish","hentry"],"yoast_head":"<!-- This site is optimized with the Yoast SEO plugin v27.5 - https:\/\/yoast.com\/product\/yoast-seo-wordpress\/ -->\n<title>Themenpark Barryland - Promaro - Cosm\u00e9tique du b\u00e9ton<\/title>\n<meta name=\"robots\" content=\"index, follow, max-snippet:-1, max-image-preview:large, max-video-preview:-1\" \/>\n<link rel=\"canonical\" href=\"https:\/\/promaro.ch\/de\/themenpark-barryland\/\" \/>\n<meta property=\"og:locale\" content=\"de_DE\" \/>\n<meta property=\"og:type\" content=\"article\" \/>\n<meta property=\"og:title\" content=\"Themenpark Barryland - Promaro - Cosm\u00e9tique du b\u00e9ton\" \/>\n<meta property=\"og:description\" content=\"Themenpark Barryland auf 22.000m2 Wir wurden mit der Behandlung von Au\u00dfenbeton beauftragt.Betonkosmetik, Pigmentierung und Hydrophobierung Das Geb\u00e4ude ist in Form eines Abdrucks einer Hundepfote gestaltet. Der Bernhardinerhund wird in f\u00fcnf Themenwelten zu entdecken sein, die seine wichtigsten Charaktereigenschaften vorstellen: Barry Retter, Barry Freund, Barry Star, Barry Liebling, Barry Spieler. Diese Themen werden die Besucher w\u00e4hrend [&hellip;]\" \/>\n<meta property=\"og:url\" content=\"https:\/\/promaro.ch\/de\/themenpark-barryland\/\" \/>\n<meta property=\"og:site_name\" content=\"Promaro - Cosm\u00e9tique du b\u00e9ton\" \/>\n<meta property=\"article:modified_time\" content=\"2025-04-30T06:25:13+00:00\" \/>\n<meta name=\"twitter:card\" content=\"summary_large_image\" \/>\n<meta name=\"twitter:label1\" content=\"Gesch\u00e4tzte Lesezeit\" \/>\n\t<meta name=\"twitter:data1\" content=\"2\u00a0Minuten\" \/>\n<script type=\"application\/ld+json\" class=\"yoast-schema-graph\">{\"@context\":\"https:\\\/\\\/schema.org\",\"@graph\":[{\"@type\":\"WebPage\",\"@id\":\"https:\\\/\\\/promaro.ch\\\/de\\\/themenpark-barryland\\\/\",\"url\":\"https:\\\/\\\/promaro.ch\\\/de\\\/themenpark-barryland\\\/\",\"name\":\"Themenpark Barryland - Promaro - Cosm\u00e9tique du b\u00e9ton\",\"isPartOf\":{\"@id\":\"https:\\\/\\\/promaro.ch\\\/de\\\/#website\"},\"datePublished\":\"2025-04-01T10:33:19+00:00\",\"dateModified\":\"2025-04-30T06:25:13+00:00\",\"breadcrumb\":{\"@id\":\"https:\\\/\\\/promaro.ch\\\/de\\\/themenpark-barryland\\\/#breadcrumb\"},\"inLanguage\":\"de\",\"potentialAction\":[{\"@type\":\"ReadAction\",\"target\":[\"https:\\\/\\\/promaro.ch\\\/de\\\/themenpark-barryland\\\/\"]}]},{\"@type\":\"BreadcrumbList\",\"@id\":\"https:\\\/\\\/promaro.ch\\\/de\\\/themenpark-barryland\\\/#breadcrumb\",\"itemListElement\":[{\"@type\":\"ListItem\",\"position\":1,\"name\":\"Accueil\",\"item\":\"https:\\\/\\\/promaro.ch\\\/de\\\/startseite\\\/\"},{\"@type\":\"ListItem\",\"position\":2,\"name\":\"Themenpark Barryland\"}]},{\"@type\":\"WebSite\",\"@id\":\"https:\\\/\\\/promaro.ch\\\/de\\\/#website\",\"url\":\"https:\\\/\\\/promaro.ch\\\/de\\\/\",\"name\":\"Promaro - Cosm\u00e9tique du b\u00e9ton\",\"description\":\"Votre partenaire dans le domaine du B\u00e9ton apparent\",\"publisher\":{\"@id\":\"https:\\\/\\\/promaro.ch\\\/de\\\/#organization\"},\"potentialAction\":[{\"@type\":\"SearchAction\",\"target\":{\"@type\":\"EntryPoint\",\"urlTemplate\":\"https:\\\/\\\/promaro.ch\\\/de\\\/?s={search_term_string}\"},\"query-input\":{\"@type\":\"PropertyValueSpecification\",\"valueRequired\":true,\"valueName\":\"search_term_string\"}}],\"inLanguage\":\"de\"},{\"@type\":\"Organization\",\"@id\":\"https:\\\/\\\/promaro.ch\\\/de\\\/#organization\",\"name\":\"Promaro SA\",\"url\":\"https:\\\/\\\/promaro.ch\\\/de\\\/\",\"logo\":{\"@type\":\"ImageObject\",\"inLanguage\":\"de\",\"@id\":\"https:\\\/\\\/promaro.ch\\\/de\\\/#\\\/schema\\\/logo\\\/image\\\/\",\"url\":\"https:\\\/\\\/promaro.ch\\\/wp-content\\\/uploads\\\/2025\\\/03\\\/logo-promaro-horizontal-trans-1.png\",\"contentUrl\":\"https:\\\/\\\/promaro.ch\\\/wp-content\\\/uploads\\\/2025\\\/03\\\/logo-promaro-horizontal-trans-1.png\",\"width\":520,\"height\":139,\"caption\":\"Promaro SA\"},\"image\":{\"@id\":\"https:\\\/\\\/promaro.ch\\\/de\\\/#\\\/schema\\\/logo\\\/image\\\/\"},\"sameAs\":[\"https:\\\/\\\/www.linkedin.com\\\/company\\\/promaro-ch\\\/\"]}]}<\/script>\n<!-- \/ Yoast SEO plugin. -->","yoast_head_json":{"title":"Themenpark Barryland - Promaro - Cosm\u00e9tique du b\u00e9ton","robots":{"index":"index","follow":"follow","max-snippet":"max-snippet:-1","max-image-preview":"max-image-preview:large","max-video-preview":"max-video-preview:-1"},"canonical":"https:\/\/promaro.ch\/de\/themenpark-barryland\/","og_locale":"de_DE","og_type":"article","og_title":"Themenpark Barryland - Promaro - Cosm\u00e9tique du b\u00e9ton","og_description":"Themenpark Barryland auf 22.000m2 Wir wurden mit der Behandlung von Au\u00dfenbeton beauftragt.Betonkosmetik, Pigmentierung und Hydrophobierung Das Geb\u00e4ude ist in Form eines Abdrucks einer Hundepfote gestaltet. Der Bernhardinerhund wird in f\u00fcnf Themenwelten zu entdecken sein, die seine wichtigsten Charaktereigenschaften vorstellen: Barry Retter, Barry Freund, Barry Star, Barry Liebling, Barry Spieler. Diese Themen werden die Besucher w\u00e4hrend [&hellip;]","og_url":"https:\/\/promaro.ch\/de\/themenpark-barryland\/","og_site_name":"Promaro - Cosm\u00e9tique du b\u00e9ton","article_modified_time":"2025-04-30T06:25:13+00:00","twitter_card":"summary_large_image","twitter_misc":{"Gesch\u00e4tzte Lesezeit":"2\u00a0Minuten"},"schema":{"@context":"https:\/\/schema.org","@graph":[{"@type":"WebPage","@id":"https:\/\/promaro.ch\/de\/themenpark-barryland\/","url":"https:\/\/promaro.ch\/de\/themenpark-barryland\/","name":"Themenpark Barryland - Promaro - Cosm\u00e9tique du b\u00e9ton","isPartOf":{"@id":"https:\/\/promaro.ch\/de\/#website"},"datePublished":"2025-04-01T10:33:19+00:00","dateModified":"2025-04-30T06:25:13+00:00","breadcrumb":{"@id":"https:\/\/promaro.ch\/de\/themenpark-barryland\/#breadcrumb"},"inLanguage":"de","potentialAction":[{"@type":"ReadAction","target":["https:\/\/promaro.ch\/de\/themenpark-barryland\/"]}]},{"@type":"BreadcrumbList","@id":"https:\/\/promaro.ch\/de\/themenpark-barryland\/#breadcrumb","itemListElement":[{"@type":"ListItem","position":1,"name":"Accueil","item":"https:\/\/promaro.ch\/de\/startseite\/"},{"@type":"ListItem","position":2,"name":"Themenpark Barryland"}]},{"@type":"WebSite","@id":"https:\/\/promaro.ch\/de\/#website","url":"https:\/\/promaro.ch\/de\/","name":"Promaro - Cosm\u00e9tique du b\u00e9ton","description":"Votre partenaire dans le domaine du B\u00e9ton apparent","publisher":{"@id":"https:\/\/promaro.ch\/de\/#organization"},"potentialAction":[{"@type":"SearchAction","target":{"@type":"EntryPoint","urlTemplate":"https:\/\/promaro.ch\/de\/?s={search_term_string}"},"query-input":{"@type":"PropertyValueSpecification","valueRequired":true,"valueName":"search_term_string"}}],"inLanguage":"de"},{"@type":"Organization","@id":"https:\/\/promaro.ch\/de\/#organization","name":"Promaro SA","url":"https:\/\/promaro.ch\/de\/","logo":{"@type":"ImageObject","inLanguage":"de","@id":"https:\/\/promaro.ch\/de\/#\/schema\/logo\/image\/","url":"https:\/\/promaro.ch\/wp-content\/uploads\/2025\/03\/logo-promaro-horizontal-trans-1.png","contentUrl":"https:\/\/promaro.ch\/wp-content\/uploads\/2025\/03\/logo-promaro-horizontal-trans-1.png","width":520,"height":139,"caption":"Promaro SA"},"image":{"@id":"https:\/\/promaro.ch\/de\/#\/schema\/logo\/image\/"},"sameAs":["https:\/\/www.linkedin.com\/company\/promaro-ch\/"]}]}},"_links":{"self":[{"href":"https:\/\/promaro.ch\/de\/wp-json\/wp\/v2\/pages\/30114","targetHints":{"allow":["GET"]}}],"collection":[{"href":"https:\/\/promaro.ch\/de\/wp-json\/wp\/v2\/pages"}],"about":[{"href":"https:\/\/promaro.ch\/de\/wp-json\/wp\/v2\/types\/page"}],"author":[{"embeddable":true,"href":"https:\/\/promaro.ch\/de\/wp-json\/wp\/v2\/users\/2"}],"replies":[{"embeddable":true,"href":"https:\/\/promaro.ch\/de\/wp-json\/wp\/v2\/comments?post=30114"}],"version-history":[{"count":16,"href":"https:\/\/promaro.ch\/de\/wp-json\/wp\/v2\/pages\/30114\/revisions"}],"predecessor-version":[{"id":30523,"href":"https:\/\/promaro.ch\/de\/wp-json\/wp\/v2\/pages\/30114\/revisions\/30523"}],"wp:attachment":[{"href":"https:\/\/promaro.ch\/de\/wp-json\/wp\/v2\/media?parent=30114"}],"wp:term":[{"taxonomy":"dipi_cpt_category","embeddable":true,"href":"https:\/\/promaro.ch\/de\/wp-json\/wp\/v2\/dipi_cpt_category?post=30114"}],"curies":[{"name":"wp","href":"https:\/\/api.w.org\/{rel}","templated":true}]}}