{"id":30030,"date":"2020-11-09T12:29:40","date_gmt":"2020-11-09T11:29:40","guid":{"rendered":"https:\/\/eneltic.ch\/dev\/promaro\/kontakt\/"},"modified":"2026-02-11T16:17:41","modified_gmt":"2026-02-11T15:17:41","slug":"kontakt","status":"publish","type":"page","link":"https:\/\/promaro.ch\/de\/kontakt\/","title":{"rendered":"Kontakt"},"content":{"rendered":"<p>[et_pb_section fb_built=&#8220;1&#8243; fullwidth=&#8220;on&#8220; _builder_version=&#8220;4.16&#8243; _module_preset=&#8220;default&#8220; animation_style=&#8220;slide&#8220; animation_direction=&#8220;top&#8220; global_colors_info=&#8220;{}&#8220;][et_pb_fullwidth_header title=&#8220;@ET-DC@eyJkeW5hbWljIjp0cnVlLCJjb250ZW50IjoicG9zdF90aXRsZSIsInNldHRpbmdzIjp7ImJlZm9yZSI6IiIsImFmdGVyIjoiIn19@&#8220; subhead=&#8220;Wie k\u00f6nnen wir Ihnen helfen?&#8220; text_orientation=&#8220;center&#8220; header_scroll_down=&#8220;on&#8220; scroll_down_icon=&#8220;%%0%%&#8220; scroll_down_icon_size=&#8220;40px&#8220; _builder_version=&#8220;4.27.4&#8243; _dynamic_attributes=&#8220;title&#8220; _module_preset=&#8220;default&#8220; title_font_size=&#8220;3.2vw&#8220; content_font=&#8220;|300|||||||&#8220; content_font_size=&#8220;24px&#8220; subhead_font=&#8220;|300|||||||&#8220; subhead_font_size=&#8220;1.3vw&#8220; subhead_line_height=&#8220;1.3em&#8220; background_color=&#8220;rgba(0,0,0,0.4)&#8220; background_image=&#8220;https:\/\/promaro.ch\/wp-content\/uploads\/2025\/03\/IMG_9656_r.min_.jpg&#8220; background_position=&#8220;top_center&#8220; background_vertical_offset=&#8220;28%&#8220; background_blend=&#8220;multiply&#8220; custom_padding=&#8220;160px||160px||false|false&#8220; scroll_vertical_motion_enable=&#8220;on&#8220; scroll_vertical_motion=&#8220;0|96|96|100|0|0|-1&#8243; title_font_size_tablet=&#8220;60px&#8220; title_font_size_phone=&#8220;30px&#8220; title_font_size_last_edited=&#8220;on|phone&#8220; subhead_font_size_tablet=&#8220;22px&#8220; subhead_font_size_phone=&#8220;16px&#8220; subhead_font_size_last_edited=&#8220;on|desktop&#8220; global_colors_info=&#8220;{}&#8220;][\/et_pb_fullwidth_header][\/et_pb_section][et_pb_section fb_built=&#8220;1&#8243; _builder_version=&#8220;4.16&#8243; _module_preset=&#8220;default&#8220; custom_padding=&#8220;80px||100px|||&#8220; global_colors_info=&#8220;{}&#8220;][et_pb_row _builder_version=&#8220;4.16&#8243; _module_preset=&#8220;default&#8220; custom_padding=&#8220;33px|||||&#8220; global_colors_info=&#8220;{}&#8220;][et_pb_column type=&#8220;4_4&#8243; _builder_version=&#8220;4.16&#8243; _module_preset=&#8220;default&#8220; global_colors_info=&#8220;{}&#8220;][et_pb_text _builder_version=&#8220;4.27.4&#8243; _module_preset=&#8220;default&#8220; header_2_text_color=&#8220;#4c4948&#8243; header_2_font_size=&#8220;42px&#8220; text_orientation=&#8220;center&#8220; custom_margin=&#8220;||0px|||&#8220; header_2_font_size_tablet=&#8220;30px&#8220; header_2_font_size_phone=&#8220;35px&#8220; header_2_font_size_last_edited=&#8220;on|phone&#8220; global_colors_info=&#8220;{}&#8220;]<\/p>\n<h2>Kontaktdaten<\/h2>\n<p>[\/et_pb_text][et_pb_divider divider_style=&#8220;dotted&#8220; divider_weight=&#8220;8px&#8220; _builder_version=&#8220;4.27.4&#8243; _module_preset=&#8220;default&#8220; width=&#8220;36px&#8220; module_alignment=&#8220;center&#8220; custom_margin=&#8220;||0px||false|false&#8220; global_colors_info=&#8220;{}&#8220;][\/et_pb_divider][et_pb_text _builder_version=&#8220;4.27.4&#8243; _module_preset=&#8220;default&#8220; text_font=&#8220;|300|||||||&#8220; text_text_color=&#8220;rgba(78,78,78,0.7)&#8220; text_font_size=&#8220;18px&#8220; text_orientation=&#8220;center&#8220; max_width=&#8220;800px&#8220; module_alignment=&#8220;center&#8220; global_colors_info=&#8220;{}&#8220;]Wir freuen uns darauf, von Ihnen zu h\u00f6ren. F\u00fcllen Sie unser Kontaktformular aus oder kontaktieren Sie uns telefonisch oder per E-Mail.[\/et_pb_text][\/et_pb_column][\/et_pb_row][et_pb_row _builder_version=&#8220;4.16&#8243; _module_preset=&#8220;default&#8220; custom_margin=&#8220;||||false|false&#8220; custom_padding=&#8220;100px|||||&#8220; global_colors_info=&#8220;{}&#8220;][et_pb_column type=&#8220;4_4&#8243; _builder_version=&#8220;4.16&#8243; _module_preset=&#8220;default&#8220; global_colors_info=&#8220;{}&#8220;][et_pb_divider color=&#8220;rgba(18,74,47,0.13)&#8220; divider_style=&#8220;dashed&#8220; divider_weight=&#8220;2px&#8220; disabled_on=&#8220;on|on|off&#8220; _builder_version=&#8220;4.16&#8243; _module_preset=&#8220;default&#8220; width=&#8220;1000px&#8220; module_alignment=&#8220;center&#8220; custom_margin=&#8220;5px||||false|false&#8220; global_colors_info=&#8220;{}&#8220;][\/et_pb_divider][\/et_pb_column][\/et_pb_row][et_pb_row column_structure=&#8220;1_4,1_4,1_4,1_4&#8243; _builder_version=&#8220;4.16&#8243; _module_preset=&#8220;default&#8220; custom_margin=&#8220;||||false|false&#8220; custom_padding=&#8220;0px|||||&#8220; global_colors_info=&#8220;{}&#8220;][et_pb_column type=&#8220;1_4&#8243; _builder_version=&#8220;4.16&#8243; _module_preset=&#8220;default&#8220; global_colors_info=&#8220;{}&#8220;][et_pb_blurb title=&#8220;Adresse&#8220; use_icon=&#8220;on&#8220; font_icon=&#8220;&#xe01d;||divi||400&#8243; icon_color=&#8220;#ffffff&#8220; image_icon_background_color=&#8220;#4c4948&#8243; image_icon_width=&#8220;48px&#8220; _builder_version=&#8220;4.27.4&#8243; _module_preset=&#8220;default&#8220; header_text_color=&#8220;#4c4948&#8243; header_font_size=&#8220;20px&#8220; body_font=&#8220;|300|||||||&#8220; body_text_color=&#8220;#4c4948&#8243; image_icon_custom_padding=&#8220;25px|25px|25px|25px|false|false&#8220; text_orientation=&#8220;center&#8220; custom_margin=&#8220;-110px||||false|false&#8220; custom_margin_tablet=&#8220;0px||||false|false&#8220; custom_margin_phone=&#8220;0px||||false|false&#8220; custom_margin_last_edited=&#8220;on|phone&#8220; border_radii_image=&#8220;on|100%|100%|100%|100%&#8220; use_circle=&#8220;on&#8220; global_colors_info=&#8220;{}&#8220; image_icon_background_color__sticky_enabled=&#8220;#4c4948&#8243; image_icon_background_color__sticky=&#8220;#4c4948&#8243;]<\/p>\n<p>All\u00e9e Paul-Cantonneau 11D<br \/>1762 Givisiez<\/p>\n<p>[\/et_pb_blurb][\/et_pb_column][et_pb_column type=&#8220;1_4&#8243; _builder_version=&#8220;4.16&#8243; _module_preset=&#8220;default&#8220; global_colors_info=&#8220;{}&#8220;][et_pb_blurb title=&#8220;E-Mail&#8220; use_icon=&#8220;on&#8220; font_icon=&#8220;&#xe010;||divi||400&#8243; icon_color=&#8220;#ffffff&#8220; image_icon_background_color=&#8220;#4c4948&#8243; image_icon_width=&#8220;48px&#8220; _builder_version=&#8220;4.27.5&#8243; _module_preset=&#8220;default&#8220; header_text_color=&#8220;#4c4948&#8243; header_font_size=&#8220;20px&#8220; body_font=&#8220;|300|||||||&#8220; body_text_color=&#8220;#4c4948&#8243; image_icon_custom_padding=&#8220;25px|25px|25px|25px|false|false&#8220; text_orientation=&#8220;center&#8220; custom_margin=&#8220;-110px||||false|false&#8220; custom_margin_tablet=&#8220;0px||||false|false&#8220; custom_margin_phone=&#8220;0px||||false|false&#8220; custom_margin_last_edited=&#8220;on|tablet&#8220; border_radii_image=&#8220;on|100%|100%|100%|100%&#8220; use_circle=&#8220;on&#8220; global_colors_info=&#8220;{}&#8220; image_icon_background_color__sticky_enabled=&#8220;#4c4948&#8243; image_icon_background_color__sticky=&#8220;#4c4948&#8243;]<\/p>\n<p><a href=\"mailto:info@promaro.ch\">info@promaro.ch<\/a><\/p>\n<p>[\/et_pb_blurb][\/et_pb_column][et_pb_column type=&#8220;1_4&#8243; _builder_version=&#8220;4.16&#8243; _module_preset=&#8220;default&#8220; global_colors_info=&#8220;{}&#8220;][et_pb_blurb title=&#8220;Telefon&#8220; use_icon=&#8220;on&#8220; font_icon=&#8220;&#xe00b;||divi||400&#8243; icon_color=&#8220;#ffffff&#8220; image_icon_background_color=&#8220;#4c4948&#8243; image_icon_width=&#8220;48px&#8220; _builder_version=&#8220;4.27.4&#8243; _module_preset=&#8220;default&#8220; header_text_color=&#8220;#4c4948&#8243; header_font_size=&#8220;20px&#8220; body_font=&#8220;|300|||||||&#8220; body_text_color=&#8220;#4c4948&#8243; image_icon_custom_padding=&#8220;25px|25px|25px|25px|false|false&#8220; text_orientation=&#8220;center&#8220; custom_margin=&#8220;-110px||||false|false&#8220; custom_margin_tablet=&#8220;0px||||false|false&#8220; custom_margin_phone=&#8220;0px||||false|false&#8220; custom_margin_last_edited=&#8220;on|tablet&#8220; border_radii_image=&#8220;on|100%|100%|100%|100%&#8220; use_circle=&#8220;on&#8220; global_colors_info=&#8220;{}&#8220; image_icon_background_color__sticky_enabled=&#8220;#4c4948&#8243; image_icon_background_color__sticky=&#8220;#4c4948&#8243;]<\/p>\n<p>077 420 21 30<br \/>026 400 06 06<\/p>\n<p>[\/et_pb_blurb][\/et_pb_column][et_pb_column type=&#8220;1_4&#8243; _builder_version=&#8220;4.16&#8243; _module_preset=&#8220;default&#8220; global_colors_info=&#8220;{}&#8220;][et_pb_blurb title=&#8220;\u00d6ffnungszeiten&#8220; use_icon=&#8220;on&#8220; font_icon=&#8220;&#x7d;||divi||400&#8243; icon_color=&#8220;#ffffff&#8220; image_icon_background_color=&#8220;#4c4948&#8243; image_icon_width=&#8220;48px&#8220; _builder_version=&#8220;4.27.4&#8243; _module_preset=&#8220;default&#8220; header_text_color=&#8220;#4c4948&#8243; header_font_size=&#8220;20px&#8220; body_font=&#8220;|300|||||||&#8220; body_text_color=&#8220;#4c4948&#8243; image_icon_custom_padding=&#8220;25px|25px|25px|25px|false|false&#8220; text_orientation=&#8220;center&#8220; custom_margin=&#8220;-110px||||false|false&#8220; custom_margin_tablet=&#8220;0px||||false|false&#8220; custom_margin_phone=&#8220;0px||||false|false&#8220; custom_margin_last_edited=&#8220;on|phone&#8220; border_radii_image=&#8220;on|100%|100%|100%|100%&#8220; use_circle=&#8220;on&#8220; global_colors_info=&#8220;{}&#8220; image_icon_background_color__sticky_enabled=&#8220;#4c4948&#8243; image_icon_background_color__sticky=&#8220;#4c4948&#8243;]<\/p>\n<p>Montag bis Freitag: 07.00 &#8211; 18.00 Uhr<\/p>\n<p>[\/et_pb_blurb][\/et_pb_column][\/et_pb_row][\/et_pb_section][et_pb_section fb_built=&#8220;1&#8243; fullwidth=&#8220;on&#8220; _builder_version=&#8220;4.16&#8243; _module_preset=&#8220;default&#8220; global_colors_info=&#8220;{}&#8220;][et_pb_fullwidth_map address=&#8220;All. Paul-Cantonneau 11, 1762 Corminboeuf, Suisse&#8220; zoom_level=&#8220;17&#8243; address_lat=&#8220;46.8102363&#8243; address_lng=&#8220;7.1162568&#8243; _builder_version=&#8220;4.27.4&#8243; _module_preset=&#8220;default&#8220; min_height_tablet=&#8220;400px&#8220; min_height_phone=&#8220;400px&#8220; min_height_last_edited=&#8220;on|tablet&#8220; global_colors_info=&#8220;{}&#8220;][et_pb_map_pin title=&#8220;Promaro AG&#8220; pin_address=&#8220;All. Paul-Cantonneau 11, 1762 Corminboeuf, Suisse&#8220; zoom_level=&#8220;15&#8243; pin_address_lat=&#8220;46.8102363&#8243; pin_address_lng=&#8220;7.1162568&#8243; _builder_version=&#8220;4.27.4&#8243; _module_preset=&#8220;default&#8220; global_colors_info=&#8220;{}&#8220;]<\/p>\n<p>All\u00e9e Paul-Cantonneau 11D<br \/>1762 Givisiez<\/p>\n<p>[\/et_pb_map_pin][\/et_pb_fullwidth_map][\/et_pb_section]<\/p>\n","protected":false},"excerpt":{"rendered":"<p>KontaktdatenWir freuen uns darauf, von Ihnen zu h\u00f6ren. F\u00fcllen Sie unser Kontaktformular aus oder kontaktieren Sie uns telefonisch oder per E-Mail.All\u00e9e Paul-Cantonneau 11D1762 Givisiezinfo@promaro.ch077 420 21 30026 400 06 06Montag bis Freitag: 07.00 &#8211; 18.00 UhrAll\u00e9e Paul-Cantonneau 11D1762 Givisiez<\/p>\n","protected":false},"author":2,"featured_media":0,"parent":0,"menu_order":0,"comment_status":"closed","ping_status":"closed","template":"","meta":{"_et_pb_use_builder":"on","_et_pb_old_content":"","_et_gb_content_width":"","footnotes":""},"dipi_cpt_category":[],"class_list":["post-30030","page","type-page","status-publish","hentry"],"yoast_head":"<!-- This site is optimized with the Yoast SEO plugin v27.4 - https:\/\/yoast.com\/product\/yoast-seo-wordpress\/ -->\n<title>Kontakt - Promaro - Cosm\u00e9tique du b\u00e9ton<\/title>\n<meta name=\"robots\" content=\"index, follow, max-snippet:-1, max-image-preview:large, max-video-preview:-1\" \/>\n<link rel=\"canonical\" href=\"https:\/\/promaro.ch\/de\/kontakt\/\" \/>\n<meta property=\"og:locale\" content=\"de_DE\" \/>\n<meta property=\"og:type\" content=\"article\" \/>\n<meta property=\"og:title\" content=\"Kontakt - Promaro - Cosm\u00e9tique du b\u00e9ton\" \/>\n<meta property=\"og:description\" content=\"KontaktdatenWir freuen uns darauf, von Ihnen zu h\u00f6ren. F\u00fcllen Sie unser Kontaktformular aus oder kontaktieren Sie uns telefonisch oder per E-Mail.All\u00e9e Paul-Cantonneau 11D1762 Givisiezinfo@promaro.ch077 420 21 30026 400 06 06Montag bis Freitag: 07.00 - 18.00 UhrAll\u00e9e Paul-Cantonneau 11D1762 Givisiez\" \/>\n<meta property=\"og:url\" content=\"https:\/\/promaro.ch\/de\/kontakt\/\" \/>\n<meta property=\"og:site_name\" content=\"Promaro - Cosm\u00e9tique du b\u00e9ton\" \/>\n<meta property=\"article:modified_time\" content=\"2026-02-11T15:17:41+00:00\" \/>\n<meta name=\"twitter:card\" content=\"summary_large_image\" \/>\n<meta name=\"twitter:label1\" content=\"Gesch\u00e4tzte Lesezeit\" \/>\n\t<meta name=\"twitter:data1\" content=\"5\u00a0Minuten\" \/>\n<script type=\"application\/ld+json\" class=\"yoast-schema-graph\">{\"@context\":\"https:\\\/\\\/schema.org\",\"@graph\":[{\"@type\":\"WebPage\",\"@id\":\"https:\\\/\\\/promaro.ch\\\/de\\\/kontakt\\\/\",\"url\":\"https:\\\/\\\/promaro.ch\\\/de\\\/kontakt\\\/\",\"name\":\"Kontakt - Promaro - Cosm\u00e9tique du b\u00e9ton\",\"isPartOf\":{\"@id\":\"https:\\\/\\\/promaro.ch\\\/de\\\/#website\"},\"datePublished\":\"2020-11-09T11:29:40+00:00\",\"dateModified\":\"2026-02-11T15:17:41+00:00\",\"breadcrumb\":{\"@id\":\"https:\\\/\\\/promaro.ch\\\/de\\\/kontakt\\\/#breadcrumb\"},\"inLanguage\":\"de\",\"potentialAction\":[{\"@type\":\"ReadAction\",\"target\":[\"https:\\\/\\\/promaro.ch\\\/de\\\/kontakt\\\/\"]}]},{\"@type\":\"BreadcrumbList\",\"@id\":\"https:\\\/\\\/promaro.ch\\\/de\\\/kontakt\\\/#breadcrumb\",\"itemListElement\":[{\"@type\":\"ListItem\",\"position\":1,\"name\":\"Accueil\",\"item\":\"https:\\\/\\\/promaro.ch\\\/de\\\/startseite\\\/\"},{\"@type\":\"ListItem\",\"position\":2,\"name\":\"Kontakt\"}]},{\"@type\":\"WebSite\",\"@id\":\"https:\\\/\\\/promaro.ch\\\/de\\\/#website\",\"url\":\"https:\\\/\\\/promaro.ch\\\/de\\\/\",\"name\":\"Promaro - Cosm\u00e9tique du b\u00e9ton\",\"description\":\"Votre partenaire dans le domaine du B\u00e9ton apparent\",\"publisher\":{\"@id\":\"https:\\\/\\\/promaro.ch\\\/de\\\/#organization\"},\"potentialAction\":[{\"@type\":\"SearchAction\",\"target\":{\"@type\":\"EntryPoint\",\"urlTemplate\":\"https:\\\/\\\/promaro.ch\\\/de\\\/?s={search_term_string}\"},\"query-input\":{\"@type\":\"PropertyValueSpecification\",\"valueRequired\":true,\"valueName\":\"search_term_string\"}}],\"inLanguage\":\"de\"},{\"@type\":\"Organization\",\"@id\":\"https:\\\/\\\/promaro.ch\\\/de\\\/#organization\",\"name\":\"Promaro SA\",\"url\":\"https:\\\/\\\/promaro.ch\\\/de\\\/\",\"logo\":{\"@type\":\"ImageObject\",\"inLanguage\":\"de\",\"@id\":\"https:\\\/\\\/promaro.ch\\\/de\\\/#\\\/schema\\\/logo\\\/image\\\/\",\"url\":\"https:\\\/\\\/promaro.ch\\\/wp-content\\\/uploads\\\/2025\\\/03\\\/logo-promaro-horizontal-trans-1.png\",\"contentUrl\":\"https:\\\/\\\/promaro.ch\\\/wp-content\\\/uploads\\\/2025\\\/03\\\/logo-promaro-horizontal-trans-1.png\",\"width\":520,\"height\":139,\"caption\":\"Promaro SA\"},\"image\":{\"@id\":\"https:\\\/\\\/promaro.ch\\\/de\\\/#\\\/schema\\\/logo\\\/image\\\/\"},\"sameAs\":[\"https:\\\/\\\/www.linkedin.com\\\/company\\\/promaro-ch\\\/\"]}]}<\/script>\n<!-- \/ Yoast SEO plugin. -->","yoast_head_json":{"title":"Kontakt - Promaro - Cosm\u00e9tique du b\u00e9ton","robots":{"index":"index","follow":"follow","max-snippet":"max-snippet:-1","max-image-preview":"max-image-preview:large","max-video-preview":"max-video-preview:-1"},"canonical":"https:\/\/promaro.ch\/de\/kontakt\/","og_locale":"de_DE","og_type":"article","og_title":"Kontakt - Promaro - Cosm\u00e9tique du b\u00e9ton","og_description":"KontaktdatenWir freuen uns darauf, von Ihnen zu h\u00f6ren. F\u00fcllen Sie unser Kontaktformular aus oder kontaktieren Sie uns telefonisch oder per E-Mail.All\u00e9e Paul-Cantonneau 11D1762 Givisiezinfo@promaro.ch077 420 21 30026 400 06 06Montag bis Freitag: 07.00 - 18.00 UhrAll\u00e9e Paul-Cantonneau 11D1762 Givisiez","og_url":"https:\/\/promaro.ch\/de\/kontakt\/","og_site_name":"Promaro - Cosm\u00e9tique du b\u00e9ton","article_modified_time":"2026-02-11T15:17:41+00:00","twitter_card":"summary_large_image","twitter_misc":{"Gesch\u00e4tzte Lesezeit":"5\u00a0Minuten"},"schema":{"@context":"https:\/\/schema.org","@graph":[{"@type":"WebPage","@id":"https:\/\/promaro.ch\/de\/kontakt\/","url":"https:\/\/promaro.ch\/de\/kontakt\/","name":"Kontakt - Promaro - Cosm\u00e9tique du b\u00e9ton","isPartOf":{"@id":"https:\/\/promaro.ch\/de\/#website"},"datePublished":"2020-11-09T11:29:40+00:00","dateModified":"2026-02-11T15:17:41+00:00","breadcrumb":{"@id":"https:\/\/promaro.ch\/de\/kontakt\/#breadcrumb"},"inLanguage":"de","potentialAction":[{"@type":"ReadAction","target":["https:\/\/promaro.ch\/de\/kontakt\/"]}]},{"@type":"BreadcrumbList","@id":"https:\/\/promaro.ch\/de\/kontakt\/#breadcrumb","itemListElement":[{"@type":"ListItem","position":1,"name":"Accueil","item":"https:\/\/promaro.ch\/de\/startseite\/"},{"@type":"ListItem","position":2,"name":"Kontakt"}]},{"@type":"WebSite","@id":"https:\/\/promaro.ch\/de\/#website","url":"https:\/\/promaro.ch\/de\/","name":"Promaro - Cosm\u00e9tique du b\u00e9ton","description":"Votre partenaire dans le domaine du B\u00e9ton apparent","publisher":{"@id":"https:\/\/promaro.ch\/de\/#organization"},"potentialAction":[{"@type":"SearchAction","target":{"@type":"EntryPoint","urlTemplate":"https:\/\/promaro.ch\/de\/?s={search_term_string}"},"query-input":{"@type":"PropertyValueSpecification","valueRequired":true,"valueName":"search_term_string"}}],"inLanguage":"de"},{"@type":"Organization","@id":"https:\/\/promaro.ch\/de\/#organization","name":"Promaro SA","url":"https:\/\/promaro.ch\/de\/","logo":{"@type":"ImageObject","inLanguage":"de","@id":"https:\/\/promaro.ch\/de\/#\/schema\/logo\/image\/","url":"https:\/\/promaro.ch\/wp-content\/uploads\/2025\/03\/logo-promaro-horizontal-trans-1.png","contentUrl":"https:\/\/promaro.ch\/wp-content\/uploads\/2025\/03\/logo-promaro-horizontal-trans-1.png","width":520,"height":139,"caption":"Promaro SA"},"image":{"@id":"https:\/\/promaro.ch\/de\/#\/schema\/logo\/image\/"},"sameAs":["https:\/\/www.linkedin.com\/company\/promaro-ch\/"]}]}},"_links":{"self":[{"href":"https:\/\/promaro.ch\/de\/wp-json\/wp\/v2\/pages\/30030","targetHints":{"allow":["GET"]}}],"collection":[{"href":"https:\/\/promaro.ch\/de\/wp-json\/wp\/v2\/pages"}],"about":[{"href":"https:\/\/promaro.ch\/de\/wp-json\/wp\/v2\/types\/page"}],"author":[{"embeddable":true,"href":"https:\/\/promaro.ch\/de\/wp-json\/wp\/v2\/users\/2"}],"replies":[{"embeddable":true,"href":"https:\/\/promaro.ch\/de\/wp-json\/wp\/v2\/comments?post=30030"}],"version-history":[{"count":11,"href":"https:\/\/promaro.ch\/de\/wp-json\/wp\/v2\/pages\/30030\/revisions"}],"predecessor-version":[{"id":31679,"href":"https:\/\/promaro.ch\/de\/wp-json\/wp\/v2\/pages\/30030\/revisions\/31679"}],"wp:attachment":[{"href":"https:\/\/promaro.ch\/de\/wp-json\/wp\/v2\/media?parent=30030"}],"wp:term":[{"taxonomy":"dipi_cpt_category","embeddable":true,"href":"https:\/\/promaro.ch\/de\/wp-json\/wp\/v2\/dipi_cpt_category?post=30030"}],"curies":[{"name":"wp","href":"https:\/\/api.w.org\/{rel}","templated":true}]}}